{"id":164,"date":"2023-12-06T21:27:23","date_gmt":"2023-12-06T20:27:23","guid":{"rendered":"https:\/\/reveriesdevoyages.com\/?page_id=164"},"modified":"2024-01-23T20:40:43","modified_gmt":"2024-01-23T19:40:43","slug":"about-me","status":"publish","type":"page","link":"https:\/\/reveriesdevoyages.com\/index.php\/about-me\/","title":{"rendered":"About Me"},"content":{"rendered":"\n<div class=\"wp-block-media-text is-stacked-on-mobile\" style=\"grid-template-columns:46% auto\"><figure class=\"wp-block-media-text__media\"><img loading=\"lazy\" decoding=\"async\" width=\"576\" height=\"1024\" src=\"https:\/\/reveriesdevoyages.com\/wp-content\/uploads\/2023\/12\/PXL_20221109_072454790.PORTRAIT-2-576x1024.jpg\" alt=\"\" class=\"wp-image-170 size-full\" srcset=\"https:\/\/reveriesdevoyages.com\/wp-content\/uploads\/2023\/12\/PXL_20221109_072454790.PORTRAIT-2-576x1024.jpg 576w, https:\/\/reveriesdevoyages.com\/wp-content\/uploads\/2023\/12\/PXL_20221109_072454790.PORTRAIT-2-169x300.jpg 169w, https:\/\/reveriesdevoyages.com\/wp-content\/uploads\/2023\/12\/PXL_20221109_072454790.PORTRAIT-2-768x1365.jpg 768w, https:\/\/reveriesdevoyages.com\/wp-content\/uploads\/2023\/12\/PXL_20221109_072454790.PORTRAIT-2-864x1536.jpg 864w, https:\/\/reveriesdevoyages.com\/wp-content\/uploads\/2023\/12\/PXL_20221109_072454790.PORTRAIT-2-1152x2048.jpg 1152w, https:\/\/reveriesdevoyages.com\/wp-content\/uploads\/2023\/12\/PXL_20221109_072454790.PORTRAIT-2-300x533.jpg 300w, https:\/\/reveriesdevoyages.com\/wp-content\/uploads\/2023\/12\/PXL_20221109_072454790.PORTRAIT-2-850x1511.jpg 850w, https:\/\/reveriesdevoyages.com\/wp-content\/uploads\/2023\/12\/PXL_20221109_072454790.PORTRAIT-2-scaled.jpg 1440w\" sizes=\"auto, (max-width: 576px) 100vw, 576px\" \/><\/figure><div class=\"wp-block-media-text__content\">\n<p class=\"has-text-align-center\">Hey !<\/p>\n\n\n\n<p>Moi c&rsquo;est Lauriana, 28 ans, passionn\u00e9e de voyages, de d\u00e9couvertes de paysages et de culture, d&rsquo;aventure et de farniente. Je r\u00e9unis ici ma passion pour l&rsquo;\u00e9criture et l&rsquo;envie de vous partager mes itin\u00e9raires, mes anecdotes de voyages, mes bons plans et tout ce qui m&rsquo;aurait \u00e9t\u00e9 utile de savoir avant de partir en vadrouille. <\/p>\n\n\n\n<p>Vous trouverez des voyages en France, en Europe, en Am\u00e9rique, ainsi que mes 6 mois en Asie du Sud-Est sous forme de r\u00e9cits et de fiches techniques r\u00e9sum\u00e9es.<\/p>\n\n\n\n<p>Bient\u00f4t du nouveau avec un grand voyage en 2025 en Am\u00e9rique du sud et dans le Pacifique que j&rsquo;attend avec impatience !  <\/p>\n<\/div><\/div>\n","protected":false},"excerpt":{"rendered":"<p>Hey ! Moi c&rsquo;est Lauriana, 28 ans, passionn\u00e9e de voyages, de d\u00e9couvertes de paysages et de culture, d&rsquo;aventure et de farniente. Je r\u00e9unis ici ma passion pour l&rsquo;\u00e9criture et l&rsquo;envie de vous partager mes itin\u00e9raires, mes anecdotes de voyages, mes bons plans et tout ce qui m&rsquo;aurait \u00e9t\u00e9 utile de savoir avant de partir en&#8230;<\/p>\n","protected":false},"author":1,"featured_media":0,"parent":0,"menu_order":0,"comment_status":"closed","ping_status":"closed","template":"","meta":{"footnotes":""},"class_list":["post-164","page","type-page","status-publish","hentry"],"_links":{"self":[{"href":"https:\/\/reveriesdevoyages.com\/index.php\/wp-json\/wp\/v2\/pages\/164","targetHints":{"allow":["GET"]}}],"collection":[{"href":"https:\/\/reveriesdevoyages.com\/index.php\/wp-json\/wp\/v2\/pages"}],"about":[{"href":"https:\/\/reveriesdevoyages.com\/index.php\/wp-json\/wp\/v2\/types\/page"}],"author":[{"embeddable":true,"href":"https:\/\/reveriesdevoyages.com\/index.php\/wp-json\/wp\/v2\/users\/1"}],"replies":[{"embeddable":true,"href":"https:\/\/reveriesdevoyages.com\/index.php\/wp-json\/wp\/v2\/comments?post=164"}],"version-history":[{"count":7,"href":"https:\/\/reveriesdevoyages.com\/index.php\/wp-json\/wp\/v2\/pages\/164\/revisions"}],"predecessor-version":[{"id":388,"href":"https:\/\/reveriesdevoyages.com\/index.php\/wp-json\/wp\/v2\/pages\/164\/revisions\/388"}],"wp:attachment":[{"href":"https:\/\/reveriesdevoyages.com\/index.php\/wp-json\/wp\/v2\/media?parent=164"}],"curies":[{"name":"wp","href":"https:\/\/api.w.org\/{rel}","templated":true}]}}